{"id":71,"date":"2021-10-10T20:45:55","date_gmt":"2021-10-10T20:45:55","guid":{"rendered":"https:\/\/gandbsmile.com\/?page_id=71"},"modified":"2025-10-28T15:24:34","modified_gmt":"2025-10-28T15:24:34","slug":"odontologia-estetica","status":"publish","type":"page","link":"https:\/\/gandbsmile.com\/en\/odontologia-estetica","title":{"rendered":"Cosmetic Dentistry"},"content":{"rendered":"<p class=\"has-large-font-size\"><img loading=\"lazy\" decoding=\"async\" width=\"50\" height=\"50\" class=\"wp-image-112\" style=\"width: 50px;\" src=\"https:\/\/gandbsmile.com\/wp-content\/uploads\/2021\/10\/Estetica@0.25x.png\" alt=\"\" srcset=\"https:\/\/gandbsmile.com\/wp-content\/uploads\/2021\/10\/Estetica@0.25x.png 202w, https:\/\/gandbsmile.com\/wp-content\/uploads\/2021\/10\/Estetica@0.25x-150x150.png 150w\" sizes=\"auto, (max-width: 50px) 100vw, 50px\" \/> Cosmetic Dentistry<\/p>\n\n\n\n<h3 class=\"wp-block-heading\">Cosmetic Dentistry: The Art of Designing Your Smile<\/h3>\n\n\n\n<p class=\"translation-block\">Your smile is one of the most powerful facets of your expression. At G&amp;B Smile, we understand that <strong>cosmetic dentistry<\/strong> is much more than a simple treatment; it's a specialty that fuses art and science to reveal the best version of your smile.<\/p>\n\n\n\n<p class=\"translation-block\">The goal is not to create an artificial smile, but to achieve one that is pleasant, <strong>natural and healthy<\/strong>.<\/p>\n\n\n\n<h4 class=\"wp-block-heading\">Your Smile, in Harmony with You<\/h4>\n\n\n\n<p>Our main goal is to maintain and enhance the natural harmony and beauty of your teeth. We believe a successful result is one that perfectly integrates with each patient's unique facial principles and patterns.<\/p>\n\n\n\n<p>That's why our process relies on an accurate diagnosis to design a treatment plan that respects your individuality.<\/p>\n\n\n\n<h4 class=\"wp-block-heading\">Treatments to ensure your mouth\u00b4s harmony<\/h4>\n\n\n\n<p>At G&amp;B Smile, we combine an artistic eye with advanced techniques and the highest quality materials to ensure the harmony of your mouth. Our aesthetic services include:<\/p>\n\n\n\n<ul class=\"wp-block-list\">\n<li class=\"translation-block\"><strong>Porcelain and Zirconium Crowns:<\/strong> Restore the shape, function, and beauty of a damaged tooth, using materials that perfectly mimic the translucency and strength of natural enamel.<\/li>\n\n\n\n<li class=\"translation-block\"><strong>Zirconium (and Porcelain) Veneers:<\/strong> Thin, ultra-resistant sheets that adhere to the surface of the tooth to radically transform the aesthetics, correcting color, shape, size, or alignment in a spectacular way.<\/li>\n\n\n\n<li class=\"translation-block\"><strong>Teeth Whitening:<\/strong> A professional, safe, and effective treatment to give your teeth a whiter, brighter tone, rejuvenating your smile in a single visit.<\/li>\n\n\n\n<li class=\"translation-block\"><strong>Aesthetic Resins (Bonding):<\/strong> The ideal solution for conservative repairs. With high-end resins, we can correct minor fractures, close small spaces (diastemas), or improve the shape of teeth quickly and artistically.<\/li>\n\n\n\n<li class=\"translation-block\"><strong>Tooth Position Correction:<\/strong> A straight smile is the foundation of aesthetics. Through orthodontic treatments (traditional or invisible), we position your teeth correctly, improving not only their beauty but also the health and functionality of your bite.<\/li>\n<\/ul>\n\n\n\n<p>At G&amp;B Smile, we're ready to work with you to design the healthy, natural smile you've always wanted.<\/p>\n\n\n\n<p><\/p>\n\n\n\n<section id=\"section-13880fbc-e0cb-4ea8-a830-c737c6a8f2a5\" class=\"wp-block-gutentor-image-box gutentor-section gutentor-image-wrapper imagebox-template1 has-color-bg has-custom-bg\"><div class=\"grid-container\"><div class=\"gutentor-block-header\"><div class=\"gutentor-section-title enable-title-design seperator-bottom text-center\"><h2 class=\"gutentor-title\">Dental Veneers<\/h2><\/div><\/div><div class=\"grid-row gutentor-grid-item-wrap\"><div class=\"gutentor-grid-column grid-lg-6 grid-md-4 grid-12\"><div class=\"gutentor-single-item gutentor-image gutentor-single-item-0\"><div class=\"gutentor-single-item-wrap\"><div class=\"gutentor-single-item-image-box\"><div class=\"gutentor-image-thumb\"><img loading=\"lazy\" decoding=\"async\" class=\"normal-image\" src=\"https:\/\/gandbsmile.com\/wp-content\/uploads\/2021\/10\/Antes.jpeg\" alt=\"\" height=\"960\" width=\"1280\"\/><\/div><\/div><div class=\"gutentor-single-item-content\"><h3 class=\"gutentor-single-item-title\"> BEFORE<\/h3><\/div><\/div><\/div><\/div><div class=\"gutentor-grid-column grid-lg-6 grid-md-4 grid-12\"><div class=\"gutentor-single-item gutentor-image gutentor-single-item-1\"><div class=\"gutentor-single-item-wrap\"><div class=\"gutentor-single-item-image-box\"><div class=\"gutentor-image-thumb\"><img loading=\"lazy\" decoding=\"async\" class=\"normal-image\" src=\"https:\/\/gandbsmile.com\/wp-content\/uploads\/2021\/10\/Despues.jpeg\" alt=\"\" height=\"960\" width=\"1280\"\/><\/div><\/div><div class=\"gutentor-single-item-content\"><h3 class=\"gutentor-single-item-title\"> AFTER<\/h3><\/div><\/div><\/div><\/div><\/div><\/div><\/section>","protected":false},"excerpt":{"rendered":"<p>Odontolog\u00eda Est\u00e9tica: El Arte de Dise\u00f1ar tu Sonrisa | Tu Sonrisa, en Armon\u00eda Contigo.<br \/>\n&#8212;-<br \/>\nCosmetic Dentistry: The Art of Designing Your Smile. | Your Smile, in Harmony with You.<\/p>","protected":false},"author":1,"featured_media":0,"parent":0,"menu_order":0,"comment_status":"closed","ping_status":"closed","template":"template-fullwidth.php","meta":{"footnotes":""},"class_list":["post-71","page","type-page","status-publish","hentry"],"_links":{"self":[{"href":"https:\/\/gandbsmile.com\/en\/wp-json\/wp\/v2\/pages\/71","targetHints":{"allow":["GET"]}}],"collection":[{"href":"https:\/\/gandbsmile.com\/en\/wp-json\/wp\/v2\/pages"}],"about":[{"href":"https:\/\/gandbsmile.com\/en\/wp-json\/wp\/v2\/types\/page"}],"author":[{"embeddable":true,"href":"https:\/\/gandbsmile.com\/en\/wp-json\/wp\/v2\/users\/1"}],"replies":[{"embeddable":true,"href":"https:\/\/gandbsmile.com\/en\/wp-json\/wp\/v2\/comments?post=71"}],"version-history":[{"count":7,"href":"https:\/\/gandbsmile.com\/en\/wp-json\/wp\/v2\/pages\/71\/revisions"}],"predecessor-version":[{"id":1561,"href":"https:\/\/gandbsmile.com\/en\/wp-json\/wp\/v2\/pages\/71\/revisions\/1561"}],"wp:attachment":[{"href":"https:\/\/gandbsmile.com\/en\/wp-json\/wp\/v2\/media?parent=71"}],"curies":[{"name":"wp","href":"https:\/\/api.w.org\/{rel}","templated":true}]}}