{"id":75,"date":"2021-10-10T20:48:57","date_gmt":"2021-10-10T20:48:57","guid":{"rendered":"https:\/\/gandbsmile.com\/?page_id=75"},"modified":"2025-10-21T01:31:23","modified_gmt":"2025-10-21T01:31:23","slug":"atencion-a-ninos-y-adultos-mayores","status":"publish","type":"page","link":"https:\/\/gandbsmile.com\/en\/atencion-a-ninos-y-adultos-mayores","title":{"rendered":"Specialized care for children and seniors."},"content":{"rendered":"<p class=\"has-large-font-size\"><img loading=\"lazy\" decoding=\"async\" width=\"50\" height=\"50\" class=\"wp-image-114\" style=\"width: 50px;\" src=\"https:\/\/gandbsmile.com\/wp-content\/uploads\/2021\/10\/Family@0.25x.png\" alt=\"\" srcset=\"https:\/\/gandbsmile.com\/wp-content\/uploads\/2021\/10\/Family@0.25x.png 202w, https:\/\/gandbsmile.com\/wp-content\/uploads\/2021\/10\/Family@0.25x-150x150.png 150w\" sizes=\"auto, (max-width: 50px) 100vw, 50px\" \/> Specialized care for children and seniors.<\/p>\n\n\n\n<h4 class=\"wp-block-heading\">Children and Elderly all welcomed at G&amp;B Smile: Caring for Your Family at Every Stage<\/h4>\n\n\n\n<p>At G&amp;B Smile, we understand that each stage of life has unique and special dental needs. That's why we extend our expert care and humane approach to both the youngest and oldest members of the family, adapting our treatments for each generation.<\/p>\n\n\n\n<h4 class=\"wp-block-heading\">Pediatric Dentistry: Building Happy and Brave Smiles<\/h4>\n\n\n\n<p>We know that first visits to the dentist are crucial. For the little ones, we've created an environment of trust, patience, and fun.<\/p>\n\n\n\n<p>Our pediatric approach not only treats, but also educates. We use techniques designed to calm anxiety and make the visit a positive experience, laying the foundation for a healthy relationship with dental care that will last a lifetime. From prevention with sealants and fluoride to managing early cavities, we're here to protect your growing smile.<\/p>\n\n\n\n<h4 class=\"wp-block-heading\">Geriatric Dentistry: Maintaining Health and Quality of Life<\/h4>\n\n\n\n<p>For our seniors, dental care is a fundamental pillar of their overall health and quality of life. We understand the unique challenges of this stage, from managing pre-existing medical conditions to the need for complex restorations.<\/p>\n\n\n\n<p>Our focus is on comfort, dignity, and functionality. We specialize in solutions to preserve your teeth, manage gum health, and offer restorative options (such as comfortable dentures or implants) that allow you to eat, speak, and socialize with complete confidence.<\/p>\n\n\n\n<p>At G&amp;B Smile, we apply the most appropriate treatments and technology to help everyone at home smile fully.<\/p>\n\n\n\n<section id=\"section-d08a8192-d225-4ed8-842f-bb2f1eae0150\" class=\"wp-block-gutentor-image-box gutentor-section gutentor-image-wrapper imagebox-template1 has-color-bg has-custom-bg\"><div class=\"grid-container\"><div class=\"grid-row gutentor-grid-item-wrap\"><div class=\"gutentor-grid-column grid-lg-6 grid-md-4 grid-12\"><div class=\"gutentor-single-item gutentor-image gutentor-single-item-0\"><div class=\"gutentor-single-item-wrap\"><div class=\"gutentor-single-item-image-box\"><div class=\"gutentor-image-thumb\"><img loading=\"lazy\" decoding=\"async\" class=\"normal-image\" src=\"https:\/\/gandbsmile.com\/wp-content\/uploads\/2021\/10\/DentistaNinos2.jpg\" alt=\"\" height=\"670\" width=\"1260\"\/><\/div><\/div><div class=\"gutentor-single-item-content\"><\/div><\/div><\/div><\/div><div class=\"gutentor-grid-column grid-lg-6 grid-md-4 grid-12\"><div class=\"gutentor-single-item gutentor-image gutentor-single-item-1\"><div class=\"gutentor-single-item-wrap\"><div class=\"gutentor-single-item-image-box\"><div class=\"gutentor-image-thumb\"><img loading=\"lazy\" decoding=\"async\" class=\"normal-image\" src=\"https:\/\/gandbsmile.com\/wp-content\/uploads\/2021\/10\/AdultosMayores.jpg\" alt=\"\" height=\"606\" width=\"1078\"\/><\/div><\/div><div class=\"gutentor-single-item-content\"><\/div><\/div><\/div><\/div><div class=\"gutentor-grid-column grid-lg-6 grid-md-4 grid-12\"><div class=\"gutentor-single-item gutentor-image gutentor-single-item-2\"><div class=\"gutentor-single-item-wrap\"><div class=\"gutentor-single-item-image-box\"><div class=\"gutentor-image-thumb\"><img loading=\"lazy\" decoding=\"async\" class=\"normal-image\" src=\"https:\/\/gandbsmile.com\/wp-content\/uploads\/2021\/10\/GaB_Ninos_001@50.jpg\" alt=\"\" height=\"1039\" width=\"2500\"\/><\/div><\/div><div class=\"gutentor-single-item-content\"><\/div><\/div><\/div><\/div><\/div><\/div><\/section>","protected":false},"excerpt":{"rendered":"<p>Atenci\u00f3n a ni\u00f1os y adultos mayores. Atenci\u00f3n a Ni\u00f1os y Adultos Mayores: Cuidando de tu Familia en Cada Etapa En G&amp;B Smile, entendemos que cada etapa de la vida tiene &#8230;<\/p>","protected":false},"author":1,"featured_media":0,"parent":0,"menu_order":0,"comment_status":"closed","ping_status":"closed","template":"template-fullwidth.php","meta":{"footnotes":""},"class_list":["post-75","page","type-page","status-publish","hentry"],"_links":{"self":[{"href":"https:\/\/gandbsmile.com\/en\/wp-json\/wp\/v2\/pages\/75","targetHints":{"allow":["GET"]}}],"collection":[{"href":"https:\/\/gandbsmile.com\/en\/wp-json\/wp\/v2\/pages"}],"about":[{"href":"https:\/\/gandbsmile.com\/en\/wp-json\/wp\/v2\/types\/page"}],"author":[{"embeddable":true,"href":"https:\/\/gandbsmile.com\/en\/wp-json\/wp\/v2\/users\/1"}],"replies":[{"embeddable":true,"href":"https:\/\/gandbsmile.com\/en\/wp-json\/wp\/v2\/comments?post=75"}],"version-history":[{"count":5,"href":"https:\/\/gandbsmile.com\/en\/wp-json\/wp\/v2\/pages\/75\/revisions"}],"predecessor-version":[{"id":1486,"href":"https:\/\/gandbsmile.com\/en\/wp-json\/wp\/v2\/pages\/75\/revisions\/1486"}],"wp:attachment":[{"href":"https:\/\/gandbsmile.com\/en\/wp-json\/wp\/v2\/media?parent=75"}],"curies":[{"name":"wp","href":"https:\/\/api.w.org\/{rel}","templated":true}]}}